{"id":1695,"date":"2023-03-01T20:12:18","date_gmt":"2023-03-01T19:12:18","guid":{"rendered":"https:\/\/www.corunning.fr\/blog\/?page_id=1695"},"modified":"2023-03-01T23:23:49","modified_gmt":"2023-03-01T22:23:49","slug":"covoiturage-entre-sportifs-pour-rejoindre-un-evenement-sportif","status":"publish","type":"page","link":"https:\/\/www.corunning.fr\/blog\/covoiturage-entre-sportifs-pour-rejoindre-un-evenement-sportif\/","title":{"rendered":"Covoiturage entre sportifs pour rejoindre un \u00e9v\u00e8nement sportif"},"content":{"rendered":"\n<h3 class=\"wp-block-heading\">Comment \u00e7a marche le covoiturage entre les sportifs inscrits sur Corunning ?<\/h3>\n\n\n\n<p>Sur <a href=\"http:\/\/www.corunning.fr\" target=\"_blank\" rel=\"noreferrer noopener\">Corunning<\/a> (version web et applis Android et Apple), vous pouvez proposer un covoiturage entre sportifs vers un \u00e9v\u00e8nement auquel vous participez. Pr\u00e9cisez le nombre de places disponibles, l&rsquo;heure de d\u00e9part et les \u00e9ventuelles \u00e9tapes du trajet. Notre plateforme calcule le temps de trajet estim\u00e9, et l&rsquo;horaire d&rsquo;arriv\u00e9e estim\u00e9e \u00e0 chaque endroit, hors al\u00e9as le jour J \u00e9videmment ! <\/p>\n\n\n\n<p>Indiquez si le covoiturage est payant, et le tarif par passager. Notre outil de calcul vous aide \u00e0 estimer le co\u00fbt par passager, sur la base des bar\u00e8mes tarifaires du secteur ! Vous pouvez \u00e9videmment proposer un transport gratuit. Covoiturer peut aussi \u00eatre une d\u00e9marche d&rsquo;entraide et de solidarit\u00e9 entre runners, trailers ou randonneurs &#8230;<\/p>\n\n\n\n<p>A pr\u00e9ciser que, l\u00e9galement, le covoiturage n&rsquo;est autoris\u00e9 que si le conducteur ne r\u00e9alise aucun b\u00e9n\u00e9fice. Donc seuls les frais effectivement engag\u00e9s par le conducteur \u00e0 l&rsquo;occasion du d\u00e9placement peuvent \u00eatre partag\u00e9s. Cela inclut donc les frais du trajet (usure du v\u00e9hicule, assurance, carburant, p\u00e9ages et \u00e9ventuellement frais de stationnement).<\/p>\n\n\n\n<p>Corunning ne g\u00e8re pas les \u00e9changes financiers entre le conducteur et les passagers. Vous fixez ensemble les modalit\u00e9s ! Corunning n&rsquo;est qu&rsquo;un interm\u00e9diaire pour permettre la mise en relation entre une offre de covoiturage et une demande.<\/p>\n\n\n\n<figure class=\"wp-block-image size-full\"><img loading=\"lazy\" decoding=\"async\" width=\"1000\" height=\"562\" src=\"https:\/\/www.corunning.fr\/blog\/wp-content\/uploads\/2023\/03\/covoiturage-2.jpg\" alt=\"Covoiturage entre sportifs pour les \u00e9v\u00e8nements sportifs en France\" class=\"wp-image-1702\" srcset=\"https:\/\/www.corunning.fr\/blog\/wp-content\/uploads\/2023\/03\/covoiturage-2.jpg 1000w, https:\/\/www.corunning.fr\/blog\/wp-content\/uploads\/2023\/03\/covoiturage-2-300x169.jpg 300w, https:\/\/www.corunning.fr\/blog\/wp-content\/uploads\/2023\/03\/covoiturage-2-768x432.jpg 768w, https:\/\/www.corunning.fr\/blog\/wp-content\/uploads\/2023\/03\/covoiturage-2-560x315.jpg 560w\" sizes=\"auto, (max-width: 1000px) 100vw, 1000px\" \/><figcaption class=\"wp-element-caption\">Le covoiturage entre sportifs sur Corunning &#8211; @codevallee<\/figcaption><\/figure>\n\n\n\n<h3 class=\"wp-block-heading\">Corunning &#8211; Une offre de covoiturage adapt\u00e9e aux sports outdoor<\/h3>\n\n\n\n<p>Vous vous rendez sur un triathlon, un run and bike, une rando \u00e0 v\u00e9lo, &#8230; Vous avez des places libres sur votre porte-v\u00e9lo ou un attelage. Indiquez le nombre de v\u00e9los que vous pouvez transporter sur votre proposition de covoiturage Corunning. Car emporter son VTT en transport en commun n&rsquo;est pas toujours pratique et facile ! L\u00e0 encore, le covoiturage est une solution qui peut s&rsquo;av\u00e9rer salvatrice pour les sportifs.<\/p>\n\n\n\n<p>Et si vous pouvez transporter des animaux, vous pouvez s\u00fbrement offrir une solution \u00e0 d&rsquo;autres sportifs pour les \u00e9v\u00e8nements de canicross, canirando, canitrail &#8230; <\/p>\n\n\n\n<p><\/p>\n\n\n\n<p>Avec cette option de covoiturage entre sportifs sur <a href=\"http:\/\/www.corunning.fr\" target=\"_blank\" rel=\"noreferrer noopener\">corunning<\/a>, rejoindre ou rentrer d&rsquo;une course devient plus convivial, \u00e9cologique et \u00e9conomique. <br>Alors, vous participez cette ann\u00e9e \u00e0 une course, un semi, un marathon, un trail et vous vous y rendez en voiture ? Proposez \u00e0 d&rsquo;autres sportifs d&rsquo;occuper vos places libres !<\/p>\n\n\n\n<p>Maintenant, pour vos prochains d\u00e9placements pour des courses, ultra, <a href=\"https:\/\/mythp.fr\/trail-de-haute-provence\/\" target=\"_blank\" rel=\"noreferrer noopener\">trail<\/a>, semi, marathon, ou autres \u00e9v\u00e8nements sportifs, pensez au covoiturage en proposant vos places disponibles \u00e0 d&rsquo;autres sportifs sur Corunning !<\/p>\n","protected":false},"excerpt":{"rendered":"<p>Comment \u00e7a marche le covoiturage entre les sportifs inscrits sur Corunning ? Sur Corunning (version web et applis Android et Apple), vous pouvez proposer un &hellip; <\/p>\n","protected":false},"author":2,"featured_media":1547,"parent":0,"menu_order":0,"comment_status":"closed","ping_status":"closed","template":"","meta":{"_monsterinsights_skip_tracking":false,"_monsterinsights_sitenote_active":false,"_monsterinsights_sitenote_note":"","_monsterinsights_sitenote_category":0,"footnotes":""},"class_list":["post-1695","page","type-page","status-publish","has-post-thumbnail","hentry"],"yoast_head":"<!-- This site is optimized with the Yoast SEO plugin v27.5 - https:\/\/yoast.com\/product\/yoast-seo-wordpress\/ -->\n<title>Covoiturage entre sportifs pour rejoindre un \u00e9v\u00e8nement sportif<\/title>\n<meta name=\"description\" content=\"Vous allez sur un semi marathon, marathon, trail ou autre \u00e9v\u00e8nement sportif, proposez vos places disponibles en covoiturage entre sportifs !\" \/>\n<meta name=\"robots\" content=\"index, follow, max-snippet:-1, max-image-preview:large, max-video-preview:-1\" \/>\n<link rel=\"canonical\" href=\"https:\/\/www.corunning.fr\/blog\/covoiturage-entre-sportifs-pour-rejoindre-un-evenement-sportif\/\" \/>\n<meta property=\"og:locale\" content=\"fr_FR\" \/>\n<meta property=\"og:type\" content=\"article\" \/>\n<meta property=\"og:title\" content=\"Covoiturage entre sportifs pour rejoindre un \u00e9v\u00e8nement sportif\" \/>\n<meta property=\"og:description\" content=\"Vous allez sur un semi marathon, marathon, trail ou autre \u00e9v\u00e8nement sportif, proposez vos places disponibles en covoiturage entre sportifs !\" \/>\n<meta property=\"og:url\" content=\"https:\/\/www.corunning.fr\/blog\/covoiturage-entre-sportifs-pour-rejoindre-un-evenement-sportif\/\" \/>\n<meta property=\"og:site_name\" content=\"Corunning\" \/>\n<meta property=\"article:publisher\" content=\"https:\/\/www.facebook.com\/corunning.fr\" \/>\n<meta property=\"article:modified_time\" content=\"2023-03-01T22:23:49+00:00\" \/>\n<meta property=\"og:image\" content=\"https:\/\/www.corunning.fr\/blog\/wp-content\/uploads\/2023\/01\/pexels-johannes-plenio-1165981-1.jpg\" \/>\n\t<meta property=\"og:image:width\" content=\"2000\" \/>\n\t<meta property=\"og:image:height\" content=\"1124\" \/>\n\t<meta property=\"og:image:type\" content=\"image\/jpeg\" \/>\n<meta name=\"twitter:card\" content=\"summary_large_image\" \/>\n<meta name=\"twitter:label1\" content=\"Dur\u00e9e de lecture estim\u00e9e\" \/>\n\t<meta name=\"twitter:data1\" content=\"3 minutes\" \/>\n<script type=\"application\/ld+json\" class=\"yoast-schema-graph\">{\"@context\":\"https:\\\/\\\/schema.org\",\"@graph\":[{\"@type\":\"WebPage\",\"@id\":\"https:\\\/\\\/www.corunning.fr\\\/blog\\\/covoiturage-entre-sportifs-pour-rejoindre-un-evenement-sportif\\\/\",\"url\":\"https:\\\/\\\/www.corunning.fr\\\/blog\\\/covoiturage-entre-sportifs-pour-rejoindre-un-evenement-sportif\\\/\",\"name\":\"Covoiturage entre sportifs pour rejoindre un \u00e9v\u00e8nement sportif\",\"isPartOf\":{\"@id\":\"https:\\\/\\\/www.corunning.fr\\\/blog\\\/#website\"},\"primaryImageOfPage\":{\"@id\":\"https:\\\/\\\/www.corunning.fr\\\/blog\\\/covoiturage-entre-sportifs-pour-rejoindre-un-evenement-sportif\\\/#primaryimage\"},\"image\":{\"@id\":\"https:\\\/\\\/www.corunning.fr\\\/blog\\\/covoiturage-entre-sportifs-pour-rejoindre-un-evenement-sportif\\\/#primaryimage\"},\"thumbnailUrl\":\"https:\\\/\\\/www.corunning.fr\\\/blog\\\/wp-content\\\/uploads\\\/2023\\\/01\\\/pexels-johannes-plenio-1165981-1.jpg\",\"datePublished\":\"2023-03-01T19:12:18+00:00\",\"dateModified\":\"2023-03-01T22:23:49+00:00\",\"description\":\"Vous allez sur un semi marathon, marathon, trail ou autre \u00e9v\u00e8nement sportif, proposez vos places disponibles en covoiturage entre sportifs !\",\"breadcrumb\":{\"@id\":\"https:\\\/\\\/www.corunning.fr\\\/blog\\\/covoiturage-entre-sportifs-pour-rejoindre-un-evenement-sportif\\\/#breadcrumb\"},\"inLanguage\":\"fr-FR\",\"potentialAction\":[{\"@type\":\"ReadAction\",\"target\":[\"https:\\\/\\\/www.corunning.fr\\\/blog\\\/covoiturage-entre-sportifs-pour-rejoindre-un-evenement-sportif\\\/\"]}]},{\"@type\":\"ImageObject\",\"inLanguage\":\"fr-FR\",\"@id\":\"https:\\\/\\\/www.corunning.fr\\\/blog\\\/covoiturage-entre-sportifs-pour-rejoindre-un-evenement-sportif\\\/#primaryimage\",\"url\":\"https:\\\/\\\/www.corunning.fr\\\/blog\\\/wp-content\\\/uploads\\\/2023\\\/01\\\/pexels-johannes-plenio-1165981-1.jpg\",\"contentUrl\":\"https:\\\/\\\/www.corunning.fr\\\/blog\\\/wp-content\\\/uploads\\\/2023\\\/01\\\/pexels-johannes-plenio-1165981-1.jpg\",\"width\":2000,\"height\":1124},{\"@type\":\"BreadcrumbList\",\"@id\":\"https:\\\/\\\/www.corunning.fr\\\/blog\\\/covoiturage-entre-sportifs-pour-rejoindre-un-evenement-sportif\\\/#breadcrumb\",\"itemListElement\":[{\"@type\":\"ListItem\",\"position\":1,\"name\":\"Accueil\",\"item\":\"https:\\\/\\\/www.corunning.fr\\\/blog\\\/\"},{\"@type\":\"ListItem\",\"position\":2,\"name\":\"Covoiturage entre sportifs pour rejoindre un \u00e9v\u00e8nement sportif\"}]},{\"@type\":\"WebSite\",\"@id\":\"https:\\\/\\\/www.corunning.fr\\\/blog\\\/#website\",\"url\":\"https:\\\/\\\/www.corunning.fr\\\/blog\\\/\",\"name\":\"Corunning\",\"description\":\"L&#039;appli gratuite pour sporter \u00e0 plusieurs\",\"publisher\":{\"@id\":\"https:\\\/\\\/www.corunning.fr\\\/blog\\\/#organization\"},\"potentialAction\":[{\"@type\":\"SearchAction\",\"target\":{\"@type\":\"EntryPoint\",\"urlTemplate\":\"https:\\\/\\\/www.corunning.fr\\\/blog\\\/?s={search_term_string}\"},\"query-input\":{\"@type\":\"PropertyValueSpecification\",\"valueRequired\":true,\"valueName\":\"search_term_string\"}}],\"inLanguage\":\"fr-FR\"},{\"@type\":\"Organization\",\"@id\":\"https:\\\/\\\/www.corunning.fr\\\/blog\\\/#organization\",\"name\":\"Corunning\",\"url\":\"https:\\\/\\\/www.corunning.fr\\\/blog\\\/\",\"logo\":{\"@type\":\"ImageObject\",\"inLanguage\":\"fr-FR\",\"@id\":\"https:\\\/\\\/www.corunning.fr\\\/blog\\\/#\\\/schema\\\/logo\\\/image\\\/\",\"url\":\"https:\\\/\\\/www.corunning.fr\\\/blog\\\/wp-content\\\/uploads\\\/2024\\\/03\\\/logov4.png\",\"contentUrl\":\"https:\\\/\\\/www.corunning.fr\\\/blog\\\/wp-content\\\/uploads\\\/2024\\\/03\\\/logov4.png\",\"width\":512,\"height\":512,\"caption\":\"Corunning\"},\"image\":{\"@id\":\"https:\\\/\\\/www.corunning.fr\\\/blog\\\/#\\\/schema\\\/logo\\\/image\\\/\"},\"sameAs\":[\"https:\\\/\\\/www.facebook.com\\\/corunning.fr\",\"https:\\\/\\\/www.instagram.com\\\/corunningfr\\\/\"]}]}<\/script>\n<!-- \/ Yoast SEO plugin. -->","yoast_head_json":{"title":"Covoiturage entre sportifs pour rejoindre un \u00e9v\u00e8nement sportif","description":"Vous allez sur un semi marathon, marathon, trail ou autre \u00e9v\u00e8nement sportif, proposez vos places disponibles en covoiturage entre sportifs !","robots":{"index":"index","follow":"follow","max-snippet":"max-snippet:-1","max-image-preview":"max-image-preview:large","max-video-preview":"max-video-preview:-1"},"canonical":"https:\/\/www.corunning.fr\/blog\/covoiturage-entre-sportifs-pour-rejoindre-un-evenement-sportif\/","og_locale":"fr_FR","og_type":"article","og_title":"Covoiturage entre sportifs pour rejoindre un \u00e9v\u00e8nement sportif","og_description":"Vous allez sur un semi marathon, marathon, trail ou autre \u00e9v\u00e8nement sportif, proposez vos places disponibles en covoiturage entre sportifs !","og_url":"https:\/\/www.corunning.fr\/blog\/covoiturage-entre-sportifs-pour-rejoindre-un-evenement-sportif\/","og_site_name":"Corunning","article_publisher":"https:\/\/www.facebook.com\/corunning.fr","article_modified_time":"2023-03-01T22:23:49+00:00","og_image":[{"width":2000,"height":1124,"url":"https:\/\/www.corunning.fr\/blog\/wp-content\/uploads\/2023\/01\/pexels-johannes-plenio-1165981-1.jpg","type":"image\/jpeg"}],"twitter_card":"summary_large_image","twitter_misc":{"Dur\u00e9e de lecture estim\u00e9e":"3 minutes"},"schema":{"@context":"https:\/\/schema.org","@graph":[{"@type":"WebPage","@id":"https:\/\/www.corunning.fr\/blog\/covoiturage-entre-sportifs-pour-rejoindre-un-evenement-sportif\/","url":"https:\/\/www.corunning.fr\/blog\/covoiturage-entre-sportifs-pour-rejoindre-un-evenement-sportif\/","name":"Covoiturage entre sportifs pour rejoindre un \u00e9v\u00e8nement sportif","isPartOf":{"@id":"https:\/\/www.corunning.fr\/blog\/#website"},"primaryImageOfPage":{"@id":"https:\/\/www.corunning.fr\/blog\/covoiturage-entre-sportifs-pour-rejoindre-un-evenement-sportif\/#primaryimage"},"image":{"@id":"https:\/\/www.corunning.fr\/blog\/covoiturage-entre-sportifs-pour-rejoindre-un-evenement-sportif\/#primaryimage"},"thumbnailUrl":"https:\/\/www.corunning.fr\/blog\/wp-content\/uploads\/2023\/01\/pexels-johannes-plenio-1165981-1.jpg","datePublished":"2023-03-01T19:12:18+00:00","dateModified":"2023-03-01T22:23:49+00:00","description":"Vous allez sur un semi marathon, marathon, trail ou autre \u00e9v\u00e8nement sportif, proposez vos places disponibles en covoiturage entre sportifs !","breadcrumb":{"@id":"https:\/\/www.corunning.fr\/blog\/covoiturage-entre-sportifs-pour-rejoindre-un-evenement-sportif\/#breadcrumb"},"inLanguage":"fr-FR","potentialAction":[{"@type":"ReadAction","target":["https:\/\/www.corunning.fr\/blog\/covoiturage-entre-sportifs-pour-rejoindre-un-evenement-sportif\/"]}]},{"@type":"ImageObject","inLanguage":"fr-FR","@id":"https:\/\/www.corunning.fr\/blog\/covoiturage-entre-sportifs-pour-rejoindre-un-evenement-sportif\/#primaryimage","url":"https:\/\/www.corunning.fr\/blog\/wp-content\/uploads\/2023\/01\/pexels-johannes-plenio-1165981-1.jpg","contentUrl":"https:\/\/www.corunning.fr\/blog\/wp-content\/uploads\/2023\/01\/pexels-johannes-plenio-1165981-1.jpg","width":2000,"height":1124},{"@type":"BreadcrumbList","@id":"https:\/\/www.corunning.fr\/blog\/covoiturage-entre-sportifs-pour-rejoindre-un-evenement-sportif\/#breadcrumb","itemListElement":[{"@type":"ListItem","position":1,"name":"Accueil","item":"https:\/\/www.corunning.fr\/blog\/"},{"@type":"ListItem","position":2,"name":"Covoiturage entre sportifs pour rejoindre un \u00e9v\u00e8nement sportif"}]},{"@type":"WebSite","@id":"https:\/\/www.corunning.fr\/blog\/#website","url":"https:\/\/www.corunning.fr\/blog\/","name":"Corunning","description":"L&#039;appli gratuite pour sporter \u00e0 plusieurs","publisher":{"@id":"https:\/\/www.corunning.fr\/blog\/#organization"},"potentialAction":[{"@type":"SearchAction","target":{"@type":"EntryPoint","urlTemplate":"https:\/\/www.corunning.fr\/blog\/?s={search_term_string}"},"query-input":{"@type":"PropertyValueSpecification","valueRequired":true,"valueName":"search_term_string"}}],"inLanguage":"fr-FR"},{"@type":"Organization","@id":"https:\/\/www.corunning.fr\/blog\/#organization","name":"Corunning","url":"https:\/\/www.corunning.fr\/blog\/","logo":{"@type":"ImageObject","inLanguage":"fr-FR","@id":"https:\/\/www.corunning.fr\/blog\/#\/schema\/logo\/image\/","url":"https:\/\/www.corunning.fr\/blog\/wp-content\/uploads\/2024\/03\/logov4.png","contentUrl":"https:\/\/www.corunning.fr\/blog\/wp-content\/uploads\/2024\/03\/logov4.png","width":512,"height":512,"caption":"Corunning"},"image":{"@id":"https:\/\/www.corunning.fr\/blog\/#\/schema\/logo\/image\/"},"sameAs":["https:\/\/www.facebook.com\/corunning.fr","https:\/\/www.instagram.com\/corunningfr\/"]}]}},"_links":{"self":[{"href":"https:\/\/www.corunning.fr\/blog\/wp-json\/wp\/v2\/pages\/1695","targetHints":{"allow":["GET"]}}],"collection":[{"href":"https:\/\/www.corunning.fr\/blog\/wp-json\/wp\/v2\/pages"}],"about":[{"href":"https:\/\/www.corunning.fr\/blog\/wp-json\/wp\/v2\/types\/page"}],"author":[{"embeddable":true,"href":"https:\/\/www.corunning.fr\/blog\/wp-json\/wp\/v2\/users\/2"}],"replies":[{"embeddable":true,"href":"https:\/\/www.corunning.fr\/blog\/wp-json\/wp\/v2\/comments?post=1695"}],"version-history":[{"count":7,"href":"https:\/\/www.corunning.fr\/blog\/wp-json\/wp\/v2\/pages\/1695\/revisions"}],"predecessor-version":[{"id":1711,"href":"https:\/\/www.corunning.fr\/blog\/wp-json\/wp\/v2\/pages\/1695\/revisions\/1711"}],"wp:featuredmedia":[{"embeddable":true,"href":"https:\/\/www.corunning.fr\/blog\/wp-json\/wp\/v2\/media\/1547"}],"wp:attachment":[{"href":"https:\/\/www.corunning.fr\/blog\/wp-json\/wp\/v2\/media?parent=1695"}],"curies":[{"name":"wp","href":"https:\/\/api.w.org\/{rel}","templated":true}]}}