{"id":1700,"date":"2023-03-01T20:23:27","date_gmt":"2023-03-01T19:23:27","guid":{"rendered":"https:\/\/www.corunning.fr\/blog\/?page_id=1700"},"modified":"2023-03-01T20:23:27","modified_gmt":"2023-03-01T19:23:27","slug":"corunning-faire-du-sport-outdoor-a-plusieurs","status":"publish","type":"page","link":"https:\/\/www.corunning.fr\/blog\/corunning-faire-du-sport-outdoor-a-plusieurs\/","title":{"rendered":"Corunning pour faire du sport outdoor en groupe"},"content":{"rendered":"\n<h3 class=\"wp-block-heading\"><a href=\"https:\/\/www.corunning.fr\/blog\/communique-de-presse-corunning\/\" target=\"_blank\" rel=\"noreferrer noopener\">Sur le site Corunning : partagez votre passion du sport outdoor !<\/a><\/h3>\n\n\n\n<p>Le site\u00a0<a href=\"https:\/\/www.corunning.fr\/\" target=\"_blank\" rel=\"noreferrer noopener\">corunning.fr<\/a>\u00a0offre la possibilit\u00e9 aux abonn\u00e9s de partager leur passion du sport outdoor avec d\u2019autres sportifs. Et corunning est disponible en\u00a0<a href=\"https:\/\/5lshk.app.link\/corunning\" target=\"_blank\" rel=\"noreferrer noopener\">application mobile<\/a>.<\/p>\n\n\n\n<p>V\u00e9lo \/ VTT, course \u00e0 pied, running, roller, longe-c\u00f4te, randonn\u00e9e, marche (sportive, nordique ou athl\u00e9tique), canicross, trail, \u2026\u00a0tous les sports d\u2019ext\u00e9rieur sont permis puisque ce sont les abonn\u00e9s qui proposent l\u2019activit\u00e9 sportive outdoor de leur choix ! Corunning, c\u2019est une application collaborative ! Vous proposez vos sorties sportives, vous participez \u00e0 celles des autres.<\/p>\n\n\n\n<p><\/p>\n\n\n\n<h3 class=\"wp-block-heading\"><a href=\"https:\/\/www.corunning.fr\/blog\/covoiturage-entre-sportifs-pour-rejoindre-un-evenement-sportif\/\" target=\"_blank\" rel=\"noreferrer noopener\">Covoiturage entre sportifs pour rejoindre un \u00e9v\u00e8nement sportif<\/a><\/h3>\n\n\n\n<p>Sur <a href=\"http:\/\/www.corunning.fr\" target=\"_blank\" rel=\"noreferrer noopener\">Corunning<\/a> (version web et applis Android et Apple), vous pouvez proposer un covoiturage entre sportifs vers un \u00e9v\u00e8nement auquel vous participez. Trail, semi-marathon, marathon, course officielle &#8230; Cr\u00e9er l&rsquo;\u00e9v\u00e8nement auquel vous participez et proposez votre offre de covoiturage.<br>Pr\u00e9cisez le nombre de places disponibles, l&rsquo;heure de d\u00e9part et les \u00e9ventuelles \u00e9tapes du trajet. Notre plateforme calcule le temps de trajet estim\u00e9, et l&rsquo;horaire d&rsquo;arriv\u00e9e estim\u00e9e \u00e0 chaque endroit, hors al\u00e9as le jour J \u00e9videmment ! <\/p>\n\n\n\n<p><\/p>\n","protected":false},"excerpt":{"rendered":"<p>Sur le site Corunning : partagez votre passion du sport outdoor ! Le site\u00a0corunning.fr\u00a0offre la possibilit\u00e9 aux abonn\u00e9s de partager leur passion du sport outdoor &hellip; <\/p>\n","protected":false},"author":2,"featured_media":0,"parent":0,"menu_order":0,"comment_status":"closed","ping_status":"closed","template":"","meta":{"_monsterinsights_skip_tracking":false,"_monsterinsights_sitenote_active":false,"_monsterinsights_sitenote_note":"","_monsterinsights_sitenote_category":0,"footnotes":""},"class_list":["post-1700","page","type-page","status-publish","hentry"],"yoast_head":"<!-- This site is optimized with the Yoast SEO plugin v27.5 - https:\/\/yoast.com\/product\/yoast-seo-wordpress\/ -->\n<title>Corunning pour faire du sport outdoor en groupe - Corunning<\/title>\n<meta name=\"description\" content=\"Corunning, l&#039;app collaborative gratuite pour faire du sport outdoor en groupe, et covoiturer entre sportifs vers des \u00e9v\u00e8nements sportifs.\" \/>\n<meta name=\"robots\" content=\"index, follow, max-snippet:-1, max-image-preview:large, max-video-preview:-1\" \/>\n<link rel=\"canonical\" href=\"https:\/\/www.corunning.fr\/blog\/corunning-faire-du-sport-outdoor-a-plusieurs\/\" \/>\n<meta property=\"og:locale\" content=\"fr_FR\" \/>\n<meta property=\"og:type\" content=\"article\" \/>\n<meta property=\"og:title\" content=\"Corunning pour faire du sport outdoor en groupe - Corunning\" \/>\n<meta property=\"og:description\" content=\"Corunning, l&#039;app collaborative gratuite pour faire du sport outdoor en groupe, et covoiturer entre sportifs vers des \u00e9v\u00e8nements sportifs.\" \/>\n<meta property=\"og:url\" content=\"https:\/\/www.corunning.fr\/blog\/corunning-faire-du-sport-outdoor-a-plusieurs\/\" \/>\n<meta property=\"og:site_name\" content=\"Corunning\" \/>\n<meta property=\"article:publisher\" content=\"https:\/\/www.facebook.com\/corunning.fr\" \/>\n<meta name=\"twitter:card\" content=\"summary_large_image\" \/>\n<meta name=\"twitter:label1\" content=\"Dur\u00e9e de lecture estim\u00e9e\" \/>\n\t<meta name=\"twitter:data1\" content=\"1 minute\" \/>\n<script type=\"application\/ld+json\" class=\"yoast-schema-graph\">{\"@context\":\"https:\\\/\\\/schema.org\",\"@graph\":[{\"@type\":\"WebPage\",\"@id\":\"https:\\\/\\\/www.corunning.fr\\\/blog\\\/corunning-faire-du-sport-outdoor-a-plusieurs\\\/\",\"url\":\"https:\\\/\\\/www.corunning.fr\\\/blog\\\/corunning-faire-du-sport-outdoor-a-plusieurs\\\/\",\"name\":\"Corunning pour faire du sport outdoor en groupe - Corunning\",\"isPartOf\":{\"@id\":\"https:\\\/\\\/www.corunning.fr\\\/blog\\\/#website\"},\"datePublished\":\"2023-03-01T19:23:27+00:00\",\"description\":\"Corunning, l'app collaborative gratuite pour faire du sport outdoor en groupe, et covoiturer entre sportifs vers des \u00e9v\u00e8nements sportifs.\",\"breadcrumb\":{\"@id\":\"https:\\\/\\\/www.corunning.fr\\\/blog\\\/corunning-faire-du-sport-outdoor-a-plusieurs\\\/#breadcrumb\"},\"inLanguage\":\"fr-FR\",\"potentialAction\":[{\"@type\":\"ReadAction\",\"target\":[\"https:\\\/\\\/www.corunning.fr\\\/blog\\\/corunning-faire-du-sport-outdoor-a-plusieurs\\\/\"]}]},{\"@type\":\"BreadcrumbList\",\"@id\":\"https:\\\/\\\/www.corunning.fr\\\/blog\\\/corunning-faire-du-sport-outdoor-a-plusieurs\\\/#breadcrumb\",\"itemListElement\":[{\"@type\":\"ListItem\",\"position\":1,\"name\":\"Accueil\",\"item\":\"https:\\\/\\\/www.corunning.fr\\\/blog\\\/\"},{\"@type\":\"ListItem\",\"position\":2,\"name\":\"Corunning pour faire du sport outdoor en groupe\"}]},{\"@type\":\"WebSite\",\"@id\":\"https:\\\/\\\/www.corunning.fr\\\/blog\\\/#website\",\"url\":\"https:\\\/\\\/www.corunning.fr\\\/blog\\\/\",\"name\":\"Corunning\",\"description\":\"L&#039;appli gratuite pour sporter \u00e0 plusieurs\",\"publisher\":{\"@id\":\"https:\\\/\\\/www.corunning.fr\\\/blog\\\/#organization\"},\"potentialAction\":[{\"@type\":\"SearchAction\",\"target\":{\"@type\":\"EntryPoint\",\"urlTemplate\":\"https:\\\/\\\/www.corunning.fr\\\/blog\\\/?s={search_term_string}\"},\"query-input\":{\"@type\":\"PropertyValueSpecification\",\"valueRequired\":true,\"valueName\":\"search_term_string\"}}],\"inLanguage\":\"fr-FR\"},{\"@type\":\"Organization\",\"@id\":\"https:\\\/\\\/www.corunning.fr\\\/blog\\\/#organization\",\"name\":\"Corunning\",\"url\":\"https:\\\/\\\/www.corunning.fr\\\/blog\\\/\",\"logo\":{\"@type\":\"ImageObject\",\"inLanguage\":\"fr-FR\",\"@id\":\"https:\\\/\\\/www.corunning.fr\\\/blog\\\/#\\\/schema\\\/logo\\\/image\\\/\",\"url\":\"https:\\\/\\\/www.corunning.fr\\\/blog\\\/wp-content\\\/uploads\\\/2024\\\/03\\\/logov4.png\",\"contentUrl\":\"https:\\\/\\\/www.corunning.fr\\\/blog\\\/wp-content\\\/uploads\\\/2024\\\/03\\\/logov4.png\",\"width\":512,\"height\":512,\"caption\":\"Corunning\"},\"image\":{\"@id\":\"https:\\\/\\\/www.corunning.fr\\\/blog\\\/#\\\/schema\\\/logo\\\/image\\\/\"},\"sameAs\":[\"https:\\\/\\\/www.facebook.com\\\/corunning.fr\",\"https:\\\/\\\/www.instagram.com\\\/corunningfr\\\/\"]}]}<\/script>\n<!-- \/ Yoast SEO plugin. -->","yoast_head_json":{"title":"Corunning pour faire du sport outdoor en groupe - Corunning","description":"Corunning, l'app collaborative gratuite pour faire du sport outdoor en groupe, et covoiturer entre sportifs vers des \u00e9v\u00e8nements sportifs.","robots":{"index":"index","follow":"follow","max-snippet":"max-snippet:-1","max-image-preview":"max-image-preview:large","max-video-preview":"max-video-preview:-1"},"canonical":"https:\/\/www.corunning.fr\/blog\/corunning-faire-du-sport-outdoor-a-plusieurs\/","og_locale":"fr_FR","og_type":"article","og_title":"Corunning pour faire du sport outdoor en groupe - Corunning","og_description":"Corunning, l'app collaborative gratuite pour faire du sport outdoor en groupe, et covoiturer entre sportifs vers des \u00e9v\u00e8nements sportifs.","og_url":"https:\/\/www.corunning.fr\/blog\/corunning-faire-du-sport-outdoor-a-plusieurs\/","og_site_name":"Corunning","article_publisher":"https:\/\/www.facebook.com\/corunning.fr","twitter_card":"summary_large_image","twitter_misc":{"Dur\u00e9e de lecture estim\u00e9e":"1 minute"},"schema":{"@context":"https:\/\/schema.org","@graph":[{"@type":"WebPage","@id":"https:\/\/www.corunning.fr\/blog\/corunning-faire-du-sport-outdoor-a-plusieurs\/","url":"https:\/\/www.corunning.fr\/blog\/corunning-faire-du-sport-outdoor-a-plusieurs\/","name":"Corunning pour faire du sport outdoor en groupe - Corunning","isPartOf":{"@id":"https:\/\/www.corunning.fr\/blog\/#website"},"datePublished":"2023-03-01T19:23:27+00:00","description":"Corunning, l'app collaborative gratuite pour faire du sport outdoor en groupe, et covoiturer entre sportifs vers des \u00e9v\u00e8nements sportifs.","breadcrumb":{"@id":"https:\/\/www.corunning.fr\/blog\/corunning-faire-du-sport-outdoor-a-plusieurs\/#breadcrumb"},"inLanguage":"fr-FR","potentialAction":[{"@type":"ReadAction","target":["https:\/\/www.corunning.fr\/blog\/corunning-faire-du-sport-outdoor-a-plusieurs\/"]}]},{"@type":"BreadcrumbList","@id":"https:\/\/www.corunning.fr\/blog\/corunning-faire-du-sport-outdoor-a-plusieurs\/#breadcrumb","itemListElement":[{"@type":"ListItem","position":1,"name":"Accueil","item":"https:\/\/www.corunning.fr\/blog\/"},{"@type":"ListItem","position":2,"name":"Corunning pour faire du sport outdoor en groupe"}]},{"@type":"WebSite","@id":"https:\/\/www.corunning.fr\/blog\/#website","url":"https:\/\/www.corunning.fr\/blog\/","name":"Corunning","description":"L&#039;appli gratuite pour sporter \u00e0 plusieurs","publisher":{"@id":"https:\/\/www.corunning.fr\/blog\/#organization"},"potentialAction":[{"@type":"SearchAction","target":{"@type":"EntryPoint","urlTemplate":"https:\/\/www.corunning.fr\/blog\/?s={search_term_string}"},"query-input":{"@type":"PropertyValueSpecification","valueRequired":true,"valueName":"search_term_string"}}],"inLanguage":"fr-FR"},{"@type":"Organization","@id":"https:\/\/www.corunning.fr\/blog\/#organization","name":"Corunning","url":"https:\/\/www.corunning.fr\/blog\/","logo":{"@type":"ImageObject","inLanguage":"fr-FR","@id":"https:\/\/www.corunning.fr\/blog\/#\/schema\/logo\/image\/","url":"https:\/\/www.corunning.fr\/blog\/wp-content\/uploads\/2024\/03\/logov4.png","contentUrl":"https:\/\/www.corunning.fr\/blog\/wp-content\/uploads\/2024\/03\/logov4.png","width":512,"height":512,"caption":"Corunning"},"image":{"@id":"https:\/\/www.corunning.fr\/blog\/#\/schema\/logo\/image\/"},"sameAs":["https:\/\/www.facebook.com\/corunning.fr","https:\/\/www.instagram.com\/corunningfr\/"]}]}},"_links":{"self":[{"href":"https:\/\/www.corunning.fr\/blog\/wp-json\/wp\/v2\/pages\/1700","targetHints":{"allow":["GET"]}}],"collection":[{"href":"https:\/\/www.corunning.fr\/blog\/wp-json\/wp\/v2\/pages"}],"about":[{"href":"https:\/\/www.corunning.fr\/blog\/wp-json\/wp\/v2\/types\/page"}],"author":[{"embeddable":true,"href":"https:\/\/www.corunning.fr\/blog\/wp-json\/wp\/v2\/users\/2"}],"replies":[{"embeddable":true,"href":"https:\/\/www.corunning.fr\/blog\/wp-json\/wp\/v2\/comments?post=1700"}],"version-history":[{"count":3,"href":"https:\/\/www.corunning.fr\/blog\/wp-json\/wp\/v2\/pages\/1700\/revisions"}],"predecessor-version":[{"id":1710,"href":"https:\/\/www.corunning.fr\/blog\/wp-json\/wp\/v2\/pages\/1700\/revisions\/1710"}],"wp:attachment":[{"href":"https:\/\/www.corunning.fr\/blog\/wp-json\/wp\/v2\/media?parent=1700"}],"curies":[{"name":"wp","href":"https:\/\/api.w.org\/{rel}","templated":true}]}}