{"id":357,"date":"2020-10-02T13:41:01","date_gmt":"2020-10-02T11:41:01","guid":{"rendered":"https:\/\/www.corunning.fr\/blog\/?page_id=357"},"modified":"2023-03-01T16:46:24","modified_gmt":"2023-03-01T15:46:24","slug":"communique-de-presse-corunning","status":"publish","type":"page","link":"https:\/\/www.corunning.fr\/blog\/communique-de-presse-corunning\/","title":{"rendered":"Sur le site Corunning : partagez votre passion du sport outdoor !"},"content":{"rendered":"\n<p>Le site\u00a0<a href=\"https:\/\/www.corunning.fr\/\" target=\"_blank\" rel=\"noreferrer noopener\">corunning.fr<\/a>\u00a0offre la possibilit\u00e9 aux abonn\u00e9s de partager leur passion du sport &#8211; et pas seulement du running &#8211; avec d\u2019autres abonn\u00e9s. Et corunning est disponible en <a href=\"https:\/\/5lshk.app.link\/corunning\" target=\"_blank\" rel=\"noreferrer noopener\">application mobile<\/a>.<\/p>\n\n\n\n<p>V\u00e9lo \/ VTT, course \u00e0 pied, running, roller, longe-c\u00f4te, randonn\u00e9e, marche (sportive, nordique ou athl\u00e9tique), canicross, trail,  \u2026\u00a0tous les sports d&rsquo;ext\u00e9rieur sont permis puisque ce sont les abonn\u00e9s qui proposent l&rsquo;activit\u00e9 sportive outdoor de leur choix ! Corunning, c&rsquo;est une application collaborative ! Vous proposez vos sorties sportives, vous participez \u00e0 celles des autres.<\/p>\n\n\n\n<p>Le site peut \u00e9galement \u00eatre un outil pour trouver des partenaires pour pr\u00e9parer une course officielle, former des \u00e9quipes et r\u00e9ussir ensemble un challenge sportif comme un marathon, ou un semi-marathon, un triathlon, un ultra-trail &#8230; <\/p>\n\n\n\n<p>Sur&nbsp;<a href=\"https:\/\/www.corunning.fr\/\" rel=\"noreferrer noopener\" target=\"_blank\">Corunning<\/a>.fr, vous indiquez la distance pr\u00e9vue, la dur\u00e9e estim\u00e9e. Cela permet aux autres abonn\u00e9s de m\u00eame niveau de se joindre \u00e0 vous.&nbsp;D\u00e9butant ou confirm\u00e9, tous les sportifs y trouvent leur place !<\/p>\n\n\n\n<p>Si vous pr\u00e9f\u00e9rez, vous pouvez aussi choisir de ne courir qu&rsquo;entre femmes, ou qu&rsquo;entre hommes ou en mixte.<\/p>\n\n\n\n<p>Corunning.fr est aussi un outil utilisable par les associations ou clubs sportifs pour mutualiser les informations sur les sorties \u00e0 venir, \u00e9changer entre les participants.<\/p>\n\n\n\n<figure class=\"wp-block-gallery has-nested-images columns-default is-cropped wp-block-gallery-1 is-layout-flex wp-block-gallery-is-layout-flex\">\n<figure class=\"wp-block-image size-large\"><img loading=\"lazy\" decoding=\"async\" width=\"900\" height=\"678\" data-id=\"383\" src=\"https:\/\/www.corunning.fr\/blog\/wp-content\/uploads\/2020\/08\/bg-showcase-3-bis.jpg\" alt=\"\" class=\"wp-image-383\" srcset=\"https:\/\/www.corunning.fr\/blog\/wp-content\/uploads\/2020\/08\/bg-showcase-3-bis.jpg 900w, https:\/\/www.corunning.fr\/blog\/wp-content\/uploads\/2020\/08\/bg-showcase-3-bis-300x226.jpg 300w, https:\/\/www.corunning.fr\/blog\/wp-content\/uploads\/2020\/08\/bg-showcase-3-bis-768x579.jpg 768w, https:\/\/www.corunning.fr\/blog\/wp-content\/uploads\/2020\/08\/bg-showcase-3-bis-560x422.jpg 560w\" sizes=\"auto, (max-width: 900px) 100vw, 900px\" \/><\/figure>\n\n\n\n<figure class=\"wp-block-image size-large\"><img loading=\"lazy\" decoding=\"async\" width=\"1024\" height=\"683\" data-id=\"385\" src=\"https:\/\/www.corunning.fr\/blog\/wp-content\/uploads\/2020\/08\/IMG_1157-1024x683.jpg\" alt=\"\" class=\"wp-image-385\" srcset=\"https:\/\/www.corunning.fr\/blog\/wp-content\/uploads\/2020\/08\/IMG_1157-1024x683.jpg 1024w, https:\/\/www.corunning.fr\/blog\/wp-content\/uploads\/2020\/08\/IMG_1157-300x200.jpg 300w, https:\/\/www.corunning.fr\/blog\/wp-content\/uploads\/2020\/08\/IMG_1157-768x512.jpg 768w, https:\/\/www.corunning.fr\/blog\/wp-content\/uploads\/2020\/08\/IMG_1157-1536x1024.jpg 1536w, https:\/\/www.corunning.fr\/blog\/wp-content\/uploads\/2020\/08\/IMG_1157-2048x1365.jpg 2048w, https:\/\/www.corunning.fr\/blog\/wp-content\/uploads\/2020\/08\/IMG_1157-560x373.jpg 560w\" sizes=\"auto, (max-width: 1024px) 100vw, 1024px\" \/><\/figure>\n\n\n\n<figure class=\"wp-block-image size-large\"><img loading=\"lazy\" decoding=\"async\" width=\"1024\" height=\"683\" data-id=\"386\" src=\"https:\/\/www.corunning.fr\/blog\/wp-content\/uploads\/2020\/08\/201809_472_J2_Lionel-1024x683.jpg\" alt=\"\" class=\"wp-image-386\" srcset=\"https:\/\/www.corunning.fr\/blog\/wp-content\/uploads\/2020\/08\/201809_472_J2_Lionel-1024x683.jpg 1024w, https:\/\/www.corunning.fr\/blog\/wp-content\/uploads\/2020\/08\/201809_472_J2_Lionel-300x200.jpg 300w, https:\/\/www.corunning.fr\/blog\/wp-content\/uploads\/2020\/08\/201809_472_J2_Lionel-768x512.jpg 768w, https:\/\/www.corunning.fr\/blog\/wp-content\/uploads\/2020\/08\/201809_472_J2_Lionel-1536x1024.jpg 1536w, https:\/\/www.corunning.fr\/blog\/wp-content\/uploads\/2020\/08\/201809_472_J2_Lionel-2048x1365.jpg 2048w, https:\/\/www.corunning.fr\/blog\/wp-content\/uploads\/2020\/08\/201809_472_J2_Lionel-560x373.jpg 560w\" sizes=\"auto, (max-width: 1024px) 100vw, 1024px\" \/><\/figure>\n<\/figure>\n\n\n\n<h4 class=\"wp-block-heading\">On ne partage avec vous que du sport !<\/h4>\n\n\n\n<p>Corunning.fr souhaite plus que tout pr\u00e9server votre vie priv\u00e9e et ne laisser la place qu&rsquo;au sport.<\/p>\n\n\n\n<p>Sur\u00a0<a href=\"http:\/\/www.corunning.fr\" target=\"_blank\" rel=\"noreferrer noopener\">Corunning<\/a>,\u00a0pas de bandeaux publicitaires, pas de partenariat avec des marques.<\/p>\n\n\n\n<p>Et pas de revente de fichiers avec vos donn\u00e9es personnelles \u00e0 d\u2019autres sites ou soci\u00e9t\u00e9s \u00e0 des fins commerciales ! <\/p>\n\n\n\n<p>Vous publiez vos courses anonymement. Vos profils ne sont pas visibles par tous ni r\u00e9f\u00e9renc\u00e9s sur les moteurs de recherche. Les informations (d\u00e9tail de la course et profil) ne sont partag\u00e9es avec un corunneur que si vous acceptez sa demande de participation.<\/p>\n\n\n\n<p>Pour les personnes qui fournissent un document d\u2019identit\u00e9 lors de l\u2019inscription sur le site, il est supprim\u00e9 d\u00e8s la v\u00e9rification effectu\u00e9e. Et un logo figure sur votre profil pour pr\u00e9ciser aux autres abonn\u00e9s que votre profil est v\u00e9rifi\u00e9.<\/p>\n\n\n\n<h4 class=\"wp-block-heading\">Des nouveaut\u00e9s et des fonctionnalit\u00e9s \u00e0 venir<\/h4>\n\n\n\n<p>Et nos services continuent d&rsquo;\u00e9voluer, de s&rsquo;adapter aux besoins.<\/p>\n\n\n\n<p>Vous pouvez mettre en favori des corunners avec lesquels vous avez d\u00e9j\u00e0 participer \u00e0 des courses. Enregistrer dans vos agendas les courses auxquelles vous participez, dupliquer vos courses si vous faites r\u00e9guli\u00e8rement la m\u00eame boucle. Vous pouvez enregistrer des recherches automatiques des sorties \u00e0 c\u00f4t\u00e9 de chez vous etc &#8230;<\/p>\n\n\n\n<p>La suite de l&rsquo;aventure corunning.fr est aussi entre les mains des abonn\u00e9s :<\/p>\n\n\n\n<ul class=\"wp-block-list\">\n<li>Tout d&rsquo;abord, on le rappelle mais c&rsquo;est \u00e0 vous de proposer des activit\u00e9s sportives, r\u00e9guli\u00e8rement et suffisamment \u00e0 l&rsquo;avance pour qu&rsquo;elles soient visibles par d&rsquo;autres abonn\u00e9s !! <br>Plus il y a d&rsquo;activit\u00e9s propos\u00e9es, plus les possibilit\u00e9s de trouver des personnes alentour augmente. Et si une premi\u00e8re course ne trouve pas preneur, on pers\u00e9v\u00e8re ! Paris ne s&rsquo;est pas fait en un jour &#8230;<\/li>\n<\/ul>\n\n\n\n<ul class=\"wp-block-list\">\n<li>Corunning est un site\/app fait pour vous. Donc si vous souhaitez y voir apparaitre des fonctionnalit\u00e9s, soumettez les nous. Toute id\u00e9e est bonne \u00e0 prendre pour rendre le site encore plus adapt\u00e9 \u00e0 vos besoins.<br>Le site se veut interactif : les fonctionnalit\u00e9s sont \u00e9volutives en fonction des besoins des utilisateurs, nous l&rsquo;adaptons r\u00e9guli\u00e8rement. <\/li>\n<\/ul>\n\n\n\n<p>Alors, \u00e0 vous de jouer : proposer l\u2019activit\u00e9 sportive qui vous int\u00e9resse ! D&rsquo;autres abonn\u00e9s seront sans doute disponibles pour vous accompagner.<\/p>\n\n\n\n<p>Chaussez vos baskets ou vos chaussures de marche et go go go !!&nbsp;<\/p>\n","protected":false},"excerpt":{"rendered":"<p>Le site\u00a0corunning.fr\u00a0offre la possibilit\u00e9 aux abonn\u00e9s de partager leur passion du sport &#8211; et pas seulement du running &#8211; avec d\u2019autres abonn\u00e9s. Et corunning est &hellip; <\/p>\n","protected":false},"author":2,"featured_media":0,"parent":0,"menu_order":0,"comment_status":"closed","ping_status":"closed","template":"","meta":{"_monsterinsights_skip_tracking":false,"_monsterinsights_sitenote_active":false,"_monsterinsights_sitenote_note":"","_monsterinsights_sitenote_category":0,"footnotes":""},"class_list":["post-357","page","type-page","status-publish","hentry"],"yoast_head":"<!-- This site is optimized with the Yoast SEO plugin v27.5 - https:\/\/yoast.com\/product\/yoast-seo-wordpress\/ -->\n<title>Sur le site Corunning : partagez votre passion du sport outdoor ! - Corunning<\/title>\n<meta name=\"robots\" content=\"index, follow, max-snippet:-1, max-image-preview:large, max-video-preview:-1\" \/>\n<link rel=\"canonical\" href=\"https:\/\/www.corunning.fr\/blog\/communique-de-presse-corunning\/\" \/>\n<meta property=\"og:locale\" content=\"fr_FR\" \/>\n<meta property=\"og:type\" content=\"article\" \/>\n<meta property=\"og:title\" content=\"Sur le site Corunning : partagez votre passion du sport outdoor ! - Corunning\" \/>\n<meta property=\"og:description\" content=\"Le site\u00a0corunning.fr\u00a0offre la possibilit\u00e9 aux abonn\u00e9s de partager leur passion du sport &#8211; et pas seulement du running &#8211; avec d\u2019autres abonn\u00e9s. Et corunning est &hellip;\" \/>\n<meta property=\"og:url\" content=\"https:\/\/www.corunning.fr\/blog\/communique-de-presse-corunning\/\" \/>\n<meta property=\"og:site_name\" content=\"Corunning\" \/>\n<meta property=\"article:publisher\" content=\"https:\/\/www.facebook.com\/corunning.fr\" \/>\n<meta property=\"article:modified_time\" content=\"2023-03-01T15:46:24+00:00\" \/>\n<meta property=\"og:image\" content=\"https:\/\/www.corunning.fr\/blog\/wp-content\/uploads\/2020\/08\/bg-showcase-3-bis.jpg\" \/>\n<meta name=\"twitter:card\" content=\"summary_large_image\" \/>\n<meta name=\"twitter:label1\" content=\"Dur\u00e9e de lecture estim\u00e9e\" \/>\n\t<meta name=\"twitter:data1\" content=\"4 minutes\" \/>\n<script type=\"application\/ld+json\" class=\"yoast-schema-graph\">{\"@context\":\"https:\\\/\\\/schema.org\",\"@graph\":[{\"@type\":\"WebPage\",\"@id\":\"https:\\\/\\\/www.corunning.fr\\\/blog\\\/communique-de-presse-corunning\\\/\",\"url\":\"https:\\\/\\\/www.corunning.fr\\\/blog\\\/communique-de-presse-corunning\\\/\",\"name\":\"Sur le site Corunning : partagez votre passion du sport outdoor ! - Corunning\",\"isPartOf\":{\"@id\":\"https:\\\/\\\/www.corunning.fr\\\/blog\\\/#website\"},\"primaryImageOfPage\":{\"@id\":\"https:\\\/\\\/www.corunning.fr\\\/blog\\\/communique-de-presse-corunning\\\/#primaryimage\"},\"image\":{\"@id\":\"https:\\\/\\\/www.corunning.fr\\\/blog\\\/communique-de-presse-corunning\\\/#primaryimage\"},\"thumbnailUrl\":\"https:\\\/\\\/www.corunning.fr\\\/blog\\\/wp-content\\\/uploads\\\/2020\\\/08\\\/bg-showcase-3-bis.jpg\",\"datePublished\":\"2020-10-02T11:41:01+00:00\",\"dateModified\":\"2023-03-01T15:46:24+00:00\",\"breadcrumb\":{\"@id\":\"https:\\\/\\\/www.corunning.fr\\\/blog\\\/communique-de-presse-corunning\\\/#breadcrumb\"},\"inLanguage\":\"fr-FR\",\"potentialAction\":[{\"@type\":\"ReadAction\",\"target\":[\"https:\\\/\\\/www.corunning.fr\\\/blog\\\/communique-de-presse-corunning\\\/\"]}]},{\"@type\":\"ImageObject\",\"inLanguage\":\"fr-FR\",\"@id\":\"https:\\\/\\\/www.corunning.fr\\\/blog\\\/communique-de-presse-corunning\\\/#primaryimage\",\"url\":\"https:\\\/\\\/www.corunning.fr\\\/blog\\\/wp-content\\\/uploads\\\/2020\\\/08\\\/bg-showcase-3-bis.jpg\",\"contentUrl\":\"https:\\\/\\\/www.corunning.fr\\\/blog\\\/wp-content\\\/uploads\\\/2020\\\/08\\\/bg-showcase-3-bis.jpg\",\"width\":900,\"height\":678},{\"@type\":\"BreadcrumbList\",\"@id\":\"https:\\\/\\\/www.corunning.fr\\\/blog\\\/communique-de-presse-corunning\\\/#breadcrumb\",\"itemListElement\":[{\"@type\":\"ListItem\",\"position\":1,\"name\":\"Accueil\",\"item\":\"https:\\\/\\\/www.corunning.fr\\\/blog\\\/\"},{\"@type\":\"ListItem\",\"position\":2,\"name\":\"Sur le site Corunning : partagez votre passion du sport outdoor !\"}]},{\"@type\":\"WebSite\",\"@id\":\"https:\\\/\\\/www.corunning.fr\\\/blog\\\/#website\",\"url\":\"https:\\\/\\\/www.corunning.fr\\\/blog\\\/\",\"name\":\"Corunning\",\"description\":\"L&#039;appli gratuite pour sporter \u00e0 plusieurs\",\"publisher\":{\"@id\":\"https:\\\/\\\/www.corunning.fr\\\/blog\\\/#organization\"},\"potentialAction\":[{\"@type\":\"SearchAction\",\"target\":{\"@type\":\"EntryPoint\",\"urlTemplate\":\"https:\\\/\\\/www.corunning.fr\\\/blog\\\/?s={search_term_string}\"},\"query-input\":{\"@type\":\"PropertyValueSpecification\",\"valueRequired\":true,\"valueName\":\"search_term_string\"}}],\"inLanguage\":\"fr-FR\"},{\"@type\":\"Organization\",\"@id\":\"https:\\\/\\\/www.corunning.fr\\\/blog\\\/#organization\",\"name\":\"Corunning\",\"url\":\"https:\\\/\\\/www.corunning.fr\\\/blog\\\/\",\"logo\":{\"@type\":\"ImageObject\",\"inLanguage\":\"fr-FR\",\"@id\":\"https:\\\/\\\/www.corunning.fr\\\/blog\\\/#\\\/schema\\\/logo\\\/image\\\/\",\"url\":\"https:\\\/\\\/www.corunning.fr\\\/blog\\\/wp-content\\\/uploads\\\/2024\\\/03\\\/logov4.png\",\"contentUrl\":\"https:\\\/\\\/www.corunning.fr\\\/blog\\\/wp-content\\\/uploads\\\/2024\\\/03\\\/logov4.png\",\"width\":512,\"height\":512,\"caption\":\"Corunning\"},\"image\":{\"@id\":\"https:\\\/\\\/www.corunning.fr\\\/blog\\\/#\\\/schema\\\/logo\\\/image\\\/\"},\"sameAs\":[\"https:\\\/\\\/www.facebook.com\\\/corunning.fr\",\"https:\\\/\\\/www.instagram.com\\\/corunningfr\\\/\"]}]}<\/script>\n<!-- \/ Yoast SEO plugin. -->","yoast_head_json":{"title":"Sur le site Corunning : partagez votre passion du sport outdoor ! - Corunning","robots":{"index":"index","follow":"follow","max-snippet":"max-snippet:-1","max-image-preview":"max-image-preview:large","max-video-preview":"max-video-preview:-1"},"canonical":"https:\/\/www.corunning.fr\/blog\/communique-de-presse-corunning\/","og_locale":"fr_FR","og_type":"article","og_title":"Sur le site Corunning : partagez votre passion du sport outdoor ! - Corunning","og_description":"Le site\u00a0corunning.fr\u00a0offre la possibilit\u00e9 aux abonn\u00e9s de partager leur passion du sport &#8211; et pas seulement du running &#8211; avec d\u2019autres abonn\u00e9s. Et corunning est &hellip;","og_url":"https:\/\/www.corunning.fr\/blog\/communique-de-presse-corunning\/","og_site_name":"Corunning","article_publisher":"https:\/\/www.facebook.com\/corunning.fr","article_modified_time":"2023-03-01T15:46:24+00:00","og_image":[{"url":"https:\/\/www.corunning.fr\/blog\/wp-content\/uploads\/2020\/08\/bg-showcase-3-bis.jpg","type":"","width":"","height":""}],"twitter_card":"summary_large_image","twitter_misc":{"Dur\u00e9e de lecture estim\u00e9e":"4 minutes"},"schema":{"@context":"https:\/\/schema.org","@graph":[{"@type":"WebPage","@id":"https:\/\/www.corunning.fr\/blog\/communique-de-presse-corunning\/","url":"https:\/\/www.corunning.fr\/blog\/communique-de-presse-corunning\/","name":"Sur le site Corunning : partagez votre passion du sport outdoor ! - Corunning","isPartOf":{"@id":"https:\/\/www.corunning.fr\/blog\/#website"},"primaryImageOfPage":{"@id":"https:\/\/www.corunning.fr\/blog\/communique-de-presse-corunning\/#primaryimage"},"image":{"@id":"https:\/\/www.corunning.fr\/blog\/communique-de-presse-corunning\/#primaryimage"},"thumbnailUrl":"https:\/\/www.corunning.fr\/blog\/wp-content\/uploads\/2020\/08\/bg-showcase-3-bis.jpg","datePublished":"2020-10-02T11:41:01+00:00","dateModified":"2023-03-01T15:46:24+00:00","breadcrumb":{"@id":"https:\/\/www.corunning.fr\/blog\/communique-de-presse-corunning\/#breadcrumb"},"inLanguage":"fr-FR","potentialAction":[{"@type":"ReadAction","target":["https:\/\/www.corunning.fr\/blog\/communique-de-presse-corunning\/"]}]},{"@type":"ImageObject","inLanguage":"fr-FR","@id":"https:\/\/www.corunning.fr\/blog\/communique-de-presse-corunning\/#primaryimage","url":"https:\/\/www.corunning.fr\/blog\/wp-content\/uploads\/2020\/08\/bg-showcase-3-bis.jpg","contentUrl":"https:\/\/www.corunning.fr\/blog\/wp-content\/uploads\/2020\/08\/bg-showcase-3-bis.jpg","width":900,"height":678},{"@type":"BreadcrumbList","@id":"https:\/\/www.corunning.fr\/blog\/communique-de-presse-corunning\/#breadcrumb","itemListElement":[{"@type":"ListItem","position":1,"name":"Accueil","item":"https:\/\/www.corunning.fr\/blog\/"},{"@type":"ListItem","position":2,"name":"Sur le site Corunning : partagez votre passion du sport outdoor !"}]},{"@type":"WebSite","@id":"https:\/\/www.corunning.fr\/blog\/#website","url":"https:\/\/www.corunning.fr\/blog\/","name":"Corunning","description":"L&#039;appli gratuite pour sporter \u00e0 plusieurs","publisher":{"@id":"https:\/\/www.corunning.fr\/blog\/#organization"},"potentialAction":[{"@type":"SearchAction","target":{"@type":"EntryPoint","urlTemplate":"https:\/\/www.corunning.fr\/blog\/?s={search_term_string}"},"query-input":{"@type":"PropertyValueSpecification","valueRequired":true,"valueName":"search_term_string"}}],"inLanguage":"fr-FR"},{"@type":"Organization","@id":"https:\/\/www.corunning.fr\/blog\/#organization","name":"Corunning","url":"https:\/\/www.corunning.fr\/blog\/","logo":{"@type":"ImageObject","inLanguage":"fr-FR","@id":"https:\/\/www.corunning.fr\/blog\/#\/schema\/logo\/image\/","url":"https:\/\/www.corunning.fr\/blog\/wp-content\/uploads\/2024\/03\/logov4.png","contentUrl":"https:\/\/www.corunning.fr\/blog\/wp-content\/uploads\/2024\/03\/logov4.png","width":512,"height":512,"caption":"Corunning"},"image":{"@id":"https:\/\/www.corunning.fr\/blog\/#\/schema\/logo\/image\/"},"sameAs":["https:\/\/www.facebook.com\/corunning.fr","https:\/\/www.instagram.com\/corunningfr\/"]}]}},"_links":{"self":[{"href":"https:\/\/www.corunning.fr\/blog\/wp-json\/wp\/v2\/pages\/357","targetHints":{"allow":["GET"]}}],"collection":[{"href":"https:\/\/www.corunning.fr\/blog\/wp-json\/wp\/v2\/pages"}],"about":[{"href":"https:\/\/www.corunning.fr\/blog\/wp-json\/wp\/v2\/types\/page"}],"author":[{"embeddable":true,"href":"https:\/\/www.corunning.fr\/blog\/wp-json\/wp\/v2\/users\/2"}],"replies":[{"embeddable":true,"href":"https:\/\/www.corunning.fr\/blog\/wp-json\/wp\/v2\/comments?post=357"}],"version-history":[{"count":9,"href":"https:\/\/www.corunning.fr\/blog\/wp-json\/wp\/v2\/pages\/357\/revisions"}],"predecessor-version":[{"id":1705,"href":"https:\/\/www.corunning.fr\/blog\/wp-json\/wp\/v2\/pages\/357\/revisions\/1705"}],"wp:attachment":[{"href":"https:\/\/www.corunning.fr\/blog\/wp-json\/wp\/v2\/media?parent=357"}],"curies":[{"name":"wp","href":"https:\/\/api.w.org\/{rel}","templated":true}]}}